{"id":1199,"date":"2021-12-01T14:50:06","date_gmt":"2021-12-01T13:50:06","guid":{"rendered":"https:\/\/www.pressure-guard.de\/de\/?page_id=1199"},"modified":"2021-12-07T16:44:43","modified_gmt":"2021-12-07T15:44:43","slug":"impressum","status":"publish","type":"page","link":"https:\/\/www.pressure-guard.de\/de\/impressum\/","title":{"rendered":"Impressum"},"content":{"rendered":"<div data-colibri-id=\"1199-c1\" class=\"style-886 style-local-1199-c1 position-relative\">\n  <!---->\n  <div data-colibri-component=\"section\" data-colibri-id=\"1199-c2\" id=\"custom\" class=\"h-section h-section-global-spacing d-flex align-items-lg-center align-items-md-center align-items-center style-887 style-local-1199-c2 position-relative\">\n    <!---->\n    <!---->\n    <div class=\"h-section-grid-container h-section-boxed-container\">\n      <!---->\n      <div data-colibri-id=\"1199-c3\" class=\"h-row-container gutters-row-lg-2 gutters-row-md-2 gutters-row-0 gutters-row-v-lg-2 gutters-row-v-md-2 gutters-row-v-2 style-888 style-local-1199-c3 position-relative\">\n        <!---->\n        <div class=\"h-row justify-content-lg-center justify-content-md-center justify-content-center align-items-lg-stretch align-items-md-stretch align-items-stretch gutters-col-lg-2 gutters-col-md-2 gutters-col-0 gutters-col-v-lg-2 gutters-col-v-md-2 gutters-col-v-2\">\n          <!---->\n          <div class=\"h-column h-column-container d-flex h-col-lg-auto h-col-md-auto h-col-auto style-889-outer style-local-1199-c4-outer\">\n            <div data-colibri-id=\"1199-c4\" class=\"d-flex h-flex-basis h-column__inner h-px-lg-2 h-px-md-2 h-px-2 v-inner-lg-2 v-inner-md-2 v-inner-2 style-889 style-local-1199-c4 position-relative\">\n              <!---->\n              <!---->\n              <div class=\"w-100 h-y-container h-column__content h-column__v-align flex-basis-100 align-self-lg-start align-self-md-start align-self-start\">\n                <!---->\n                <div data-colibri-id=\"1199-c5\" class=\"h-text h-text-component style-890 style-local-1199-c5 position-relative h-element\">\n                  <!---->\n                  <!---->\n                  <div class=\"\">\n                    <p>InfoTech GmbH\n                      <br>Pommernstra\u00dfe 4\n                      <br>37603 Holzminden<\/p>\n                    <p><strong>Gesch\u00e4ftf\u00fchrung<\/strong>\n                      <br>Dirk R. Kuhlmann<strong><br><br>Kommunikation<\/strong><\/p>\n                    <p>Telefon&nbsp;+49 (0)5531 &#8211; 1283 0\n                      <br>Telefax&nbsp;+49 (0)5531 &#8211; 1283 20&nbsp;&nbsp;&nbsp;\n                      <br>E-Mail&nbsp;\n                      <a href=\"mailto:info@InfoTechAG.com\">info@Pressure-Guard.com<\/a>\n                      <br>www&nbsp;\n                      <a href=\"http:\/\/www.pressure-guard.com\" class=\"customize-unpreviewable\">www.Pressure-Guard.com<\/a><strong><br><br>Zust\u00e4ndiges Amtsgericht<\/strong>\n                      <br>Amtsgericht Holzminden<\/p>\n                    <p><strong>Umsatzsteueridentifikationsnummer<\/strong>\n                      <br>DE 242 872 984<strong><br><br>AG Hildesheim<\/strong>\n                      <br>HRB 202461<\/p>\n                    <p><strong>EORI-Nummer<\/strong>\n                      <br>DE746375335055158<\/p>\n                    <p><strong>Inhaltlich verantwortlich gem. \u00a7 6 MDSTV<\/strong>\n                      <br>Dirk R. Kuhlmann<\/p>\n                    <p>&nbsp;<\/p>\n                    <p><strong>Disclaimer<\/strong><\/p>\n                    <p><strong>Haftung f\u00fcr Inhalte<\/strong>\n                      <br>Die Inhalte unserer Seiten wurden mit gr\u00f6\u00dfter Sorgfalt erstellt. F\u00fcr die Richtigkeit, Vollst\u00e4ndigkeit und Aktualit\u00e4t der Inhalte k\u00f6nnen wir jedoch keine Gew\u00e4hr \u00fcbernehmen.Als Diensteanbieter sind wir gem\u00e4\u00df \u00a7 6 Abs.1 MDStV und \u00a7 8\n                      Abs.1 TDG f\u00fcr eigene Inhalte auf diesen Seiten nach den allgemeinen Gesetzen verantwortlich. Diensteanbieter sind jedoch nicht verpflichtet, die von ihnen \u00fcbermittelten oder gespeicherten fremden Informationen zu \u00fcberwachen oder\n                      nach Umst\u00e4nden zu forschen, die auf eine rechtswidrige T\u00e4tigkeit hinweisen. Verpflichtungen zur Entfernung oder Sperrung der Nutzung von Informationen nach den allgemeinen Gesetzen bleiben hiervon unber\u00fchrt. Eine diesbez\u00fcgliche Haftung\n                      ist jedoch erst ab dem Zeitpunkt der Kenntnis einer konkreten Rechtsverletzung m\u00f6glich. Bei bekannt werden von entsprechenden Rechtsverletzungen werden wir diese Inhalte umgehend entfernen.<\/p>\n                    <p><strong>Haftung f\u00fcr Links<\/strong>\n                      <br>Unser Angebot enth\u00e4lt Links zu externen Webseiten Dritter, auf deren Inhalte wir keinen Einfluss haben. Deshalb k\u00f6nnen wir f\u00fcr diese fremden Inhalte auch keine Gew\u00e4hr \u00fcbernehmen. F\u00fcr die Inhalte der verlinkten Seiten ist stets der\n                      jeweilige Anbieter oder Betreiber der Seiten verantwortlich. Die verlinkten Seiten wurden zum Zeitpunkt der Verlinkung auf m\u00f6gliche Rechtsverst\u00f6\u00dfe \u00fcberpr\u00fcft. Rechtswidrige Inhalte waren zum Zeitpunkt der Verlinkung nicht erkennbar.\n                      Eine permanente inhaltliche Kontrolle der verlinkten Seiten ist jedoch ohne konkrete Anhaltspunkte einer Rechtsverletzung nicht zumutbar. Bei bekannt werden von Rechtsverletzungen werden wir derartige Links umgehend entfernen.<\/p>\n                    <p><strong>Urheberrecht<\/strong>\n                      <br>Die Betreiber der Seiten sind bem\u00fcht, stets die Urheberrechte anderer zu beachten bzw. auf selbst erstellte sowie lizenzfreie Werke zur\u00fcckzugreifen.<\/p>\n                    <p>Die durch die Seitenbetreiber erstellten Inhalte und Werke auf diesen Seiten unterliegen dem deutschen Urheberrecht. Beitr\u00e4ge Dritter sind als solche gekennzeichnet. Die Vervielf\u00e4ltigung, Bearbeitung, Verbreitung und jede Art der Verwertung\n                      au\u00dferhalb der Grenzen des Urheberrechtes bed\u00fcrfen der schriftlichen Zustimmung des jeweiligen Autors bzw. Erstellers. Downloads und Kopien dieser Seite sind nur f\u00fcr den privaten, nicht kommerziellen Gebrauch gestattet.<\/p>\n                  <\/div>\n                <\/div>\n              <\/div>\n            <\/div>\n          <\/div>\n        <\/div>\n      <\/div>\n    <\/div>\n  <\/div>\n<\/div>","protected":false},"excerpt":{"rendered":"<p>InfoTech GmbH Pommernstra\u00dfe 4 37603 Holzminden Gesch\u00e4ftf\u00fchrung Dirk R. KuhlmannKommunikation Telefon&nbsp;+49 (0)5531 &#8211; 1283 0 Telefax&nbsp;+49 (0)5531 &#8211; 1283 20&nbsp;&nbsp;&nbsp; E-Mail&nbsp; info@Pressure-Guard.com www&nbsp; www.Pressure-Guard.comZust\u00e4ndiges Amtsgericht Amtsgericht Holzminden Umsatzsteueridentifikationsnummer DE 242 872 984AG Hildesheim HRB 202461 EORI-Nummer DE746375335055158 Inhaltlich verantwortlich gem. \u00a7 6 MDSTV Dirk R. Kuhlmann &nbsp; Disclaimer Haftung f\u00fcr Inhalte Die Inhalte unserer Seiten [&hellip;]<\/p>\n","protected":false},"author":1,"featured_media":0,"parent":0,"menu_order":0,"comment_status":"closed","ping_status":"closed","template":"page-templates\/full-width-page.php","meta":{"_acf_changed":false,"footnotes":""},"class_list":["post-1199","page","type-page","status-publish","hentry"],"acf":[],"_links":{"self":[{"href":"https:\/\/www.pressure-guard.de\/de\/wp-json\/wp\/v2\/pages\/1199","targetHints":{"allow":["GET"]}}],"collection":[{"href":"https:\/\/www.pressure-guard.de\/de\/wp-json\/wp\/v2\/pages"}],"about":[{"href":"https:\/\/www.pressure-guard.de\/de\/wp-json\/wp\/v2\/types\/page"}],"author":[{"embeddable":true,"href":"https:\/\/www.pressure-guard.de\/de\/wp-json\/wp\/v2\/users\/1"}],"replies":[{"embeddable":true,"href":"https:\/\/www.pressure-guard.de\/de\/wp-json\/wp\/v2\/comments?post=1199"}],"version-history":[{"count":4,"href":"https:\/\/www.pressure-guard.de\/de\/wp-json\/wp\/v2\/pages\/1199\/revisions"}],"predecessor-version":[{"id":1286,"href":"https:\/\/www.pressure-guard.de\/de\/wp-json\/wp\/v2\/pages\/1199\/revisions\/1286"}],"wp:attachment":[{"href":"https:\/\/www.pressure-guard.de\/de\/wp-json\/wp\/v2\/media?parent=1199"}],"curies":[{"name":"wp","href":"https:\/\/api.w.org\/{rel}","templated":true}]}}