{"id":1216,"date":"2021-12-01T14:55:20","date_gmt":"2021-12-01T13:55:20","guid":{"rendered":"https:\/\/www.pressure-guard.de\/de\/?page_id=1216"},"modified":"2025-09-03T17:21:41","modified_gmt":"2025-09-03T15:21:41","slug":"revisoren","status":"publish","type":"page","link":"https:\/\/www.pressure-guard.de\/de\/revisoren\/","title":{"rendered":"Revisoren"},"content":{"rendered":"<div data-colibri-id=\"1216-c1\" class=\"style-891 style-local-1216-c1 position-relative\">\n  <!---->\n  <div data-colibri-component=\"section\" data-colibri-id=\"1216-c2\" id=\"custom-2\" class=\"h-section h-section-global-spacing d-flex align-items-lg-center align-items-md-center align-items-center style-916 style-local-1216-c2 position-relative\">\n    <!---->\n    <!---->\n    <div class=\"h-section-grid-container h-section-boxed-container\">\n      <!---->\n      <div data-colibri-id=\"1216-c3\" class=\"h-row-container gutters-row-lg-2 gutters-row-md-2 gutters-row-0 gutters-row-v-lg-2 gutters-row-v-md-2 gutters-row-v-2 style-917 style-local-1216-c3 position-relative\">\n        <!---->\n        <div class=\"h-row justify-content-lg-center justify-content-md-center justify-content-center align-items-lg-stretch align-items-md-stretch align-items-stretch gutters-col-lg-2 gutters-col-md-2 gutters-col-0 gutters-col-v-lg-2 gutters-col-v-md-2 gutters-col-v-2\">\n          <!---->\n          <div class=\"h-column h-column-container d-flex h-col-lg-auto h-col-md-auto h-col-auto style-918-outer style-local-1216-c4-outer\">\n            <div data-colibri-id=\"1216-c4\" class=\"d-flex h-flex-basis h-column__inner h-px-lg-2 h-px-md-2 h-px-2 v-inner-lg-2 v-inner-md-2 v-inner-2 style-918 style-local-1216-c4 position-relative\">\n              <!---->\n              <!---->\n              <div class=\"w-100 h-y-container h-column__content h-column__v-align flex-basis-100 align-self-lg-start align-self-md-start align-self-start\">\n                <!---->\n                <div data-colibri-id=\"1216-c5\" class=\"style-919 style-local-1216-c5 position-relative h-element\">\n                  <!---->\n                  <div class=\"\">\n\t\t\t\t<div class='mapster-wp-maps-container'>\n\t\t\t\t<div class='mapster-wp-maps-loader-container' style='height: 400px;width: 100%;'>\n\t\t\t\t\t<div class='mapster-map-loader-initial' style='background-color: rgba(255,255,255,0.6)'>\n\t\t\t\t\t\t<svg stroke=\"rgba(0, 0, 0, 0.3)\" fill=\"rgba(0, 0, 0, 0.3)\"width=\"38\" height=\"38\" viewBox=\"0 0 38 38\" xmlns=\"http:\/\/www.w3.org\/2000\/svg\" stroke=\"#fff\"> <g fill=\"none\" fill-rule=\"evenodd\"> <g transform=\"translate(1 1)\" stroke-width=\"2\"> <circle stroke-opacity=\".5\" cx=\"18\" cy=\"18\" r=\"18\"\/> <path d=\"M36 18c0-9.94-8.06-18-18-18\"> <animateTransform attributeName=\"transform\" type=\"rotate\" from=\"0 18 18\" to=\"360 18 18\" dur=\"1s\" repeatCount=\"indefinite\"\/> <\/path> <\/g> <\/g> <\/svg>\n\t\t\t\t\t<\/div>\n\t\t\t\t<\/div>\n\t\t\t\t<div class='mapster-wp-maps'\n\t\t\t\t\tid='mapster-wp-maps-12911'\n\t\t\t\t\tdata-id='12911'\n\t\t\t\t\tdata-latitude='null'\n\t\t\t\t\tdata-longitude='null'\n\t\t\t\t\tdata-zoom='null'\n\t\t\t\t\tdata-single_feature_id=''\n\t\t\t\t\tdata-feature_ids=''>\n\t\t\t\t<\/div>\n\t\t\t\t\n\t\t\t<\/div>\n\t\t<\/div>\n                <\/div>\n              <\/div>\n            <\/div>\n          <\/div>\n        <\/div>\n      <\/div>\n    <\/div>\n  <\/div>\n  <div data-colibri-component=\"section\" data-colibri-id=\"1216-c6\" id=\"custom\" class=\"h-section h-section-global-spacing d-flex align-items-lg-center align-items-md-center align-items-center style-892 style-local-1216-c6 position-relative\">\n    <!---->\n    <!---->\n    <div class=\"h-section-grid-container h-section-boxed-container\">\n      <!---->\n      <div data-colibri-id=\"1216-c7\" class=\"h-row-container gutters-row-lg-2 gutters-row-md-2 gutters-row-0 gutters-row-v-lg-2 gutters-row-v-md-2 gutters-row-v-2 style-900 style-local-1216-c7 position-relative\">\n        <!---->\n        <div class=\"h-row justify-content-lg-center justify-content-md-center justify-content-center align-items-lg-stretch align-items-md-stretch align-items-stretch gutters-col-lg-2 gutters-col-md-2 gutters-col-0 gutters-col-v-lg-2 gutters-col-v-md-2 gutters-col-v-2\">\n          <!---->\n          <div class=\"h-column h-column-container d-flex h-col-lg-auto h-col-md-auto h-col-auto style-901-outer style-local-1216-c8-outer\">\n            <div data-colibri-id=\"1216-c8\" class=\"d-flex h-flex-basis h-column__inner h-px-lg-2 h-px-md-2 h-px-2 v-inner-lg-2 v-inner-md-2 v-inner-2 style-901 style-local-1216-c8 position-relative\">\n              <!---->\n              <!---->\n              <div class=\"w-100 h-y-container h-column__content h-column__v-align flex-basis-100 align-self-lg-start align-self-md-start align-self-start\">\n                <!---->\n                <div data-colibri-id=\"1216-c9\" class=\"h-x-container style-914 style-local-1216-c9 position-relative h-element\">\n                  <!---->\n                  <div class=\"h-x-container-inner style-dynamic-1216-c9-group style-914-spacing style-local-1216-c9-spacing\"><span class=\"h-button__outer style-915-outer style-local-1216-c10-outer d-inline-flex h-element\"><a h-use-smooth-scroll=\"true\" href=\"https:\/\/www.pressure-guard.de\/wp-content\/uploads\/2023\/09\/Standorte-der-PressureGuard-Revisoren.pdf\" target=\"_blank\"  data-colibri-id=\"1216-c10\" class=\"d-flex w-100 align-items-center h-button justify-content-lg-center justify-content-md-center justify-content-center style-915 style-local-1216-c10 position-relative\"><!----><!----> <span>Liste als PDF<\/span><\/a>\n                    <\/span>\n                  <\/div>\n                <\/div>\n              <\/div>\n            <\/div>\n          <\/div>\n        <\/div>\n      <\/div>\n      <div data-colibri-id=\"1216-c11\" class=\"h-row-container gutters-row-lg-2 gutters-row-md-2 gutters-row-0 gutters-row-v-lg-2 gutters-row-v-md-2 gutters-row-v-2 style-893 style-local-1216-c11 position-relative\">\n        <!---->\n        <div class=\"h-row justify-content-lg-center justify-content-md-center justify-content-center align-items-lg-stretch align-items-md-stretch align-items-stretch gutters-col-lg-2 gutters-col-md-2 gutters-col-0 gutters-col-v-lg-2 gutters-col-v-md-2 gutters-col-v-2\">\n          <!---->\n          <div class=\"h-column h-column-container d-flex h-col-lg-auto h-col-md-auto h-col-auto style-894-outer style-local-1216-c12-outer\">\n            <div data-colibri-id=\"1216-c12\" class=\"d-flex h-flex-basis h-column__inner h-px-lg-2 h-px-md-2 h-px-2 v-inner-lg-2 v-inner-md-2 v-inner-2 style-894 style-local-1216-c12 position-relative\">\n              <!---->\n              <!---->\n              <div class=\"w-100 h-y-container h-column__content h-column__v-align flex-basis-100 align-self-lg-start align-self-md-start align-self-start\">\n                <!---->\n                <div data-colibri-id=\"1216-c13\" class=\"h-text h-text-component style-895 style-local-1216-c13 position-relative h-element\">\n                  <!---->\n                  <!---->\n                  <div class=\"\">\n                    <p><span style=\"font-family: Open sans, serif; font-size: 12pt;\">Atlantis Berlin Wassersport &amp; Mee(h)r&nbsp;GmbH <br>Steglitzer Damm 39 <br>12169 Berlin <\/span>\n                      <a href=\"http:\/\/www.atlantis-berlin.de\" style=\"font-family: Open sans, serif; font-size: 12pt; color: blue;\"\n                        class=\"customize-unpreviewable\">\n                        <br>www.atlantis-berlin.de<\/a><span style=\"font-family: Open sans, serif; font-size: 12pt;\"> <\/span><\/p>\n                    <p><span style=\"font-family: Open sans, serif; font-size: 12pt;\">Atlantis Berlin Wassersport &amp; Mee(h)r&nbsp;GmbH <br>Paul-Heyse-Str. 1 <br>10407 Berlin <\/span>\n                      <a href=\"http:\/\/www.atlantis-berlin.de\" style=\"font-family: Open sans, serif; font-size: 12pt; color: blue;\"\n                        class=\"customize-unpreviewable\">\n                        <br>www.atlantis-berlin.de<\/a><span style=\"font-family: Open sans, serif; font-size: 12pt;\">&nbsp;<\/span><\/p>\n                    <p><span style=\"font-family: Open sans, serif; font-size: 12pt;\">Tauchertechnik Brandenburg&nbsp;&nbsp;GmbH <br>Geschwister-Scholl-Stra\u00dfe 10 <br>14776 Brandenburg <\/span>\n                      <a href=\"http:\/\/www.tauchertechnik.de\" style=\"font-family: Open sans, serif; font-size: 12pt; color: blue;\"\n                        target=\"_blank\" class=\"customize-unpreviewable\">\n                        <br>www.tauchertechnik.de<\/a>\n                    <\/p>\n                    <p><span style=\"font-family: Open sans, serif; font-size: 12pt;\">J\u00fcrgen Quiram Atemregler-Service <br>Leschnitzer Str. 27 <br>12526 Berlin<\/span><\/p>\n                    <p><span style=\"font-family: Open sans, serif; font-size: 12pt;\">MSA AUER GmbH Thiemannstra\u00dfe 1 <br>12059 Berlin <\/span>\n                      <a href=\"http:\/\/www.msa-auer.de\" style=\"font-family: Open sans, serif; font-size: 12pt; color: blue;\" target=\"_blank\"\n                        class=\"customize-unpreviewable\">\n                        <br>www.msa-auer.de<\/a>\n                    <\/p>\n                    <p><span style=\"font-family: Open sans, serif; font-size: 12pt;\">Tauchservice Rostock <br>Wismarsche Strasse 46 <br>18057 Rostock <\/span>\n                      <a href=\"http:\/\/www.tauchservice-hauer.de\" style=\"font-family: Open sans, serif; font-size: 12pt; color: blue;\"\n                        class=\"customize-unpreviewable\">\n                        <br>www.tauchservice-hauer.de<\/a>\n                    <\/p>\n                    <p><span style=\"font-family: Open sans, serif; font-size: 12pt;\">DBS Haase -Druckbeh\u00e4lter S. <br>Fohrderer Landstra\u00dfe 33 <br>14772 Brandenburg <\/span>\n                      <a href=\"http:\/\/www.dbs-haase.de\" style=\"font-family: Open sans, serif; font-size: 12pt; color: blue;\"\n                        class=\"customize-unpreviewable\">\n                        <br>www.dbs-haase.de<\/a>\n                    <\/p>\n                    <p><span style=\"font-family: Open sans, serif; font-size: 12pt;\">&nbsp;<\/span><\/p>\n                    <p><span style=\"font-family: Open sans, serif; font-size: 12pt;\">&nbsp;<\/span><\/p>\n                    <p><span style=\"font-family: Open sans, serif; font-size: 12pt;\">&nbsp;<\/span><\/p>\n                  <\/div>\n                <\/div>\n                <div data-colibri-id=\"1216-c14\" class=\"h-text h-text-component style-899 style-local-1216-c14 position-relative h-element\">\n                  <!---->\n                  <!---->\n                  <div class=\"\">\n                    <p><span style=\"font-size: 12pt;\">Der Kleine Tauchladen<br>Thorsten Stahl<br>Velbertstrasse 10<br>30451 Hannover<\/span>\n                      <a href=\"http:\/\/www.der-kleine-tauchladen.de\" style=\"font-size: 12pt;\" class=\"customize-unpreviewable\">\n                        <br>http:\/\/www.der-kleine-tauchladen.de\/<\/a>\n                    <\/p>\n                    <p><span style=\"font-size: 12pt;\">Kappi-Divers<br><\/span>Hauptstra\u00dfe 9<span style=\"font-size: 12pt;\"><br><\/span>30952 Ronnenberg\n                      <a href=\"http:\/\/www.kappi-divers.de\" style=\"font-size: 12pt;\" class=\"customize-unpreviewable\">\n                        <br>http:\/\/www.kappi-divers.de<\/a>\n                    <\/p>\n                    <p><span style=\"font-size: 12pt;\">Tauchtechnik R. M\u00fchlhausen<br>Osnabr\u00fccker Landstra\u00dfe 7<br>30926 Seelze<\/span>\n                      <a href=\"http:\/\/www.tauchtechnik-seelze.de\" style=\"font-size: 12pt;\" class=\"customize-unpreviewable\">\n                        <br>http:\/\/www.tauchtechnik-seelze.de\/<\/a>\n                    <\/p>\n                    <p><span style=\"font-size: 12pt;\">Tauchsport Aktiv<br>Dieter Neumann<br>Weststr. 51<br>32657 Lemgo<\/span>\n                      <a href=\"http:\/\/www.tauchsport-aktiv.de\" style=\"font-size: 12pt;\" target=\"_blank\" rel=\"noopener noreferrer\" class=\"customize-unpreviewable\">\n                        <br>www.tauchsport-aktiv.de<\/a>\n                    <\/p>\n                    <p><span style=\"font-size: 12pt;\">Action Sport Salzkotten<br>Gewerbegebiet Berglar<br>Ziegelei-T\u00f6pker-Str. 10<br>33154 Salzkotten<\/span>\n                      <a href=\"http:\/\/www.action-sport-salzkotten.de\" style=\"font-size: 12pt;\" target=\"_blank\" rel=\"noopener noreferrer\"\n                        class=\"customize-unpreviewable\">\n                        <br>http:\/\/www.action-sport-salzkotten.de\/<\/a>\n                    <\/p>\n                    <p><span style=\"font-size: 12pt;\">RONIC Tauchsport GmbH<br>Ederseerandstr. 11a<br>34513 Waldeck-West (Edersee)<\/span>\n                      <a href=\"http:\/\/www.ronic-edersee.de\" style=\"font-size: 12pt;\" target=\"_blank\" rel=\"noopener noreferrer\" class=\"customize-unpreviewable\">\n                        <br>www.ronic-edersee.de<\/a>\n                    <\/p>\n                    <p><span style=\"font-size: 12pt;\">Balzer GmbH<br>Spessartstr. 13<br>36341 Lauterbach<\/span>\n                      <a href=\"http:\/\/www.balzer.de\" style=\"font-size: 12pt;\" target=\"_blank\" rel=\"noopener noreferrer\" class=\"customize-unpreviewable\">\n                        <br>www.balzer.de<\/a>\n                    <\/p>\n                    <p><span style=\"font-size: 12pt;\">Fuldas Tauchertreff <br>Neuenberger Strasse 30<br>36041 Fulda <\/span>\n                      <a href=\"http:\/\/www.fuldas-tauchertreff.de\" style=\"font-size: 12pt;\" target=\"_blank\" rel=\"noopener noreferrer\" class=\"customize-unpreviewable\">\n                        <br>http:\/\/www.fuldas-tauchertreff.de\/<\/a>\n                    <\/p>\n                    <p><span style=\"font-size: 12pt;\">Tauchsport Hartwig<br>Fallersleber Strasse 29<br>38100 Braunschweig<\/span>\n                      <a href=\"http:\/\/www.tauchsport-hartwig.de\" style=\"font-size: 12pt;\" target=\"_blank\" rel=\"noopener noreferrer\" class=\"customize-unpreviewable\">\n                        <br>http:\/\/www.tauchsport-hartwig.de\/<\/a>\n                    <\/p>\n                    <p><span style=\"font-size: 12pt;\">TheArttoDive Tauchschule<br>Kirchweg 3a<br>38104 Braunschweig<\/span>\n                      <a href=\"http:\/\/www.thearttodive.de\" style=\"font-size: 12pt;\" class=\"customize-unpreviewable\">\n                        <br>www.thearttodive.de<\/a>\n                    <\/p>\n                    <p><span style=\"font-size: 12pt;\">Diving-Center D. Hattenbach<br>Industriestr. 1<br>38350 Helmstedt<\/span>\n                      <a href=\"http:\/\/www.diving-center-helmstedt.de\" style=\"font-size: 12pt;\" target=\"_blank\" rel=\"noopener noreferrer\" class=\"customize-unpreviewable\">\n                        <br>www.diving-center-helmstedt.de<\/a>\n                    <\/p>\n                    <p><span style=\"font-size: 12pt;\">Tauchtechnik Braunschweig<br>Heesfeld 16<br>38112 Braunschweig<\/span>\n                      <a href=\"http:\/\/www.ulistauchshop.de\" style=\"font-size: 12pt;\" target=\"_blank\" rel=\"noopener noreferrer\" class=\"customize-unpreviewable\">\n                        <br>https:\/\/www.tauchtechnik-braunschweig.de<\/a>\n                    <\/p>\n                    <p><span style=\"font-size: 12pt;\">Di<\/span><span style=\"font-size: 12pt; font-family: Tahoma, Arial, Helvetica, sans-serif;\">veshop Magdeburg GmbH<\/span><span style=\"font-size: 12pt;\"> <br>Sch\u00f6nebecker Stra\u00dfe 75<br>39<\/span><span style=\"font-size: 12pt; font-family: Tahoma, Arial, Helvetica, sans-serif;\">104 Magdeburg<\/span>\n                      <a\n                        href=\"http:\/\/www.diveshopmagdeburg.de\" style=\"font-family: Tahoma, Arial, Helvetica, sans-serif; font-size: 12pt;\" target=\"_blank\" rel=\"noopener noreferrer\" class=\"customize-unpreviewable\">\n                        <br>www.diveshopmagdeburg.de<\/a>\n                    <\/p>\n                  <\/div>\n                <\/div>\n              <\/div>\n            <\/div>\n          <\/div>\n          <div class=\"h-column h-column-container d-flex h-col-lg-auto h-col-md-auto h-col-auto style-896-outer style-local-1216-c15-outer\">\n            <div data-colibri-id=\"1216-c15\" class=\"d-flex h-flex-basis h-column__inner h-px-lg-2 h-px-md-2 h-px-2 v-inner-lg-2 v-inner-md-2 v-inner-2 style-896 style-local-1216-c15 position-relative\">\n              <!---->\n              <!---->\n              <div class=\"w-100 h-y-container h-column__content h-column__v-align flex-basis-100 align-self-lg-start align-self-md-start align-self-start\">\n                <!---->\n                <div data-colibri-id=\"1216-c16\" class=\"h-text h-text-component style-898 style-local-1216-c16 position-relative h-element\">\n                  <!---->\n                  <!---->\n                  <div class=\"\">\n                    <p><span style=\"font-family: Open sans, serif; font-size: 12pt;\">Taucher- Technik Weidestra\u00dfe 10 <br>22083 Hamburg <\/span>\n                      <a href=\"http:\/\/www.taucher-technik.de\" style=\"font-family: Open sans, serif; font-size: 12pt; color: blue;\" class=\"customize-unpreviewable\">\n                        <br>http:\/\/www.taucher-technik.de\/<\/a>\n                    <\/p>\n                    <p><span style=\"font-family: Open sans, serif; font-size: 12pt;\">Baltic Dive Center <br>Redderkoppel 11 <br>24159 Kiel <\/span>\n                      <a href=\"http:\/\/www.balticdivecenter.de\" style=\"font-family: Open sans, serif; font-size: 12pt; color: blue;\"\n                        class=\"customize-unpreviewable\">\n                        <br>http:\/\/www.balticdivecenter.de\/<\/a><span style=\"font-family: Open sans, serif; font-size: 12pt;\"> <\/span><\/p>\n                    <p><span style=\"font-family: Open sans, serif; font-size: 12pt;\">Subventure <br>Lange Reihe 10 <br>24211 Rastorf <\/span>\n                      <a href=\"http:\/\/www.subventure.de\" style=\"font-family: Open sans, serif; font-size: 12pt; color: blue;\" class=\"customize-unpreviewable\">\n                        <br>http:\/\/www.subventure.de\/<\/a>\n                    <\/p>\n                    <p><span style=\"font-family: Open sans, serif; font-size: 12pt;\">Poseidon Tauchprodukte GmbH <br>Preetzer Chausee 171 <br>24222 Schentinental <\/span>\n                      <a href=\"http:\/\/www.poseidon-kiel.com\" style=\"font-family: Open sans, serif; font-size: 12pt; color: blue;\"\n                        class=\"customize-unpreviewable\">\n                        <br>http:\/\/www.poseidon-kiel.com\/<\/a>\n                    <\/p>\n                  <\/div>\n                <\/div>\n                <div data-colibri-id=\"1216-c17\" class=\"h-text h-text-component style-903 style-local-1216-c17 position-relative h-element\">\n                  <!---->\n                  <!---->\n                  <div class=\"\">\n                    <p><span style=\"font-size: 12pt;\">Action-Sport D\u00fcsseldorf GmbH<br>Brehmstr. 35<br>40239 D\u00fcsseldorf<\/span>\n                      <a href=\"http:\/\/www.action-sport.de\" style=\"font-size: 12pt;\" class=\"customize-unpreviewable\">\n                        <br>www.action-sport.de<\/a>\n                    <\/p>\n                    <p><span style=\"font-size: 12pt;\">Divingstore Stefan Bartnitzky<br>Hauptstr. 169<br>42349 Wuppertal<\/span>\n                      <a href=\"http:\/\/www.divingstore.de\" style=\"font-size: 12pt;\" target=\"_blank\" rel=\"noopener noreferrer\" class=\"customize-unpreviewable\">\n                        <br>http:\/\/www.divingstore.de\/<\/a>\n                    <\/p>\n                    <p><span style=\"font-size: 12pt;\">Tauchschule&nbsp;Ruhrpott Divers<br>D\u00f6rpfeldstrasse 3<br>44867 Bochum<\/span>\n                      <a href=\"http:\/\/www.tauchschule-ruhrpott-divers.de\" style=\"font-size: 12pt;\" class=\"customize-unpreviewable\">\n                        <br>http:\/\/www.tauchschule-ruhrpott-divers.de\/<\/a>\n                    <\/p>\n                    <p><span style=\"font-size: 12pt;\">Tauchschule Kupferdreh<br>Sandstra\u00dfe 24<br>45257 Essen<\/span>\n                      <a href=\"http:\/\/www.tauchschule-kupferdreh.de\" style=\"font-size: 12pt;\" class=\"customize-unpreviewable\">\n                        <br>http:\/\/www.tauchschule-kupferdreh.de<\/a><span style=\"font-size: 12pt;\">&nbsp;&nbsp;<\/span><\/p>\n                    <p><span style=\"font-size: 12pt;\">Tauchcenter Wesel<br>Am Schepersfeld 46<br>46485 Wesel<\/span>\n                      <a href=\"http:\/\/www.tauchcenter.de\" style=\"font-size: 12pt;\" target=\"_blank\" rel=\"noopener noreferrer\" class=\"customize-unpreviewable\">\n                        <br>www.tauchcenter.de<\/a>\n                    <\/p>\n                    <p><span style=\"font-size: 12pt;\">abc Tauchparadies<br>Krefelder Str. 48<br>47839 Krefeld<\/span>\n                      <a href=\"http:\/\/www.abc-tauchparadies.de\" style=\"font-size: 12pt;\" class=\"customize-unpreviewable\">\n                        <br>http:\/\/www.abc-tauchparadies.de\/<\/a>\n                    <\/p>\n                    <p><span style=\"font-size: 12pt;\">Schnorchel Tauchshop GmbH<br>R\u00fcschhausweg 186<br>48161 M\u00fcnster-Gievenbeck<\/span>\n                      <a href=\"http:\/\/www.schnorchel-tauchshop.de\" style=\"font-size: 12pt;\" target=\"_blank\" rel=\"noopener noreferrer\" class=\"customize-unpreviewable\">\n                        <br>www.schnorchel-tauchshop.de<\/a>\n                    <\/p>\n                    <p><span style=\"font-size: 12pt;\">D\u00fclmen&#8217;s Taucherkiste<br>Ostdamm 203<br>48249 D\u00fclmen<\/span>\n                      <a href=\"http:\/\/www.duelmens-taucherkiste.de\" style=\"font-size: 12pt;\" target=\"_blank\" rel=\"noopener noreferrer\" class=\"customize-unpreviewable\">\n                        <br>http:\/\/www.duelmens-taucherkiste.de\/<\/a>\n                    <\/p>\n                    <p><span style=\"font-size: 12pt;\">Tauchcenter Wuppertal Meeresauge<br>Westkotter Stra\u00dfe 61<br>42275 Wuppertal<\/span>\n                      <a href=\"https:\/\/www.meeresauge.de\" style=\"font-size: 12pt;\" target=\"_blank\" rel=\"noopener noreferrer\" class=\"customize-unpreviewable\">\n                        <br>https:\/\/www.meeresauge.de<\/a>\n                    <\/p>\n                  <\/div>\n                <\/div>\n              <\/div>\n            <\/div>\n          <\/div>\n        <\/div>\n      <\/div>\n    <\/div>\n  <\/div>\n<\/div>","protected":false},"excerpt":{"rendered":"<p>Liste als PDF Atlantis Berlin Wassersport &amp; Mee(h)r&nbsp;GmbH Steglitzer Damm 39 12169 Berlin www.atlantis-berlin.de Atlantis Berlin Wassersport &amp; Mee(h)r&nbsp;GmbH Paul-Heyse-Str. 1 10407 Berlin www.atlantis-berlin.de&nbsp; Tauchertechnik Brandenburg&nbsp;&nbsp;GmbH Geschwister-Scholl-Stra\u00dfe 10 14776 Brandenburg www.tauchertechnik.de J\u00fcrgen Quiram Atemregler-Service Leschnitzer Str. 27 12526 Berlin MSA AUER GmbH Thiemannstra\u00dfe 1 12059 Berlin www.msa-auer.de Tauchservice Rostock Wismarsche Strasse 46 18057 Rostock www.tauchservice-hauer.de [&hellip;]<\/p>\n","protected":false},"author":1,"featured_media":0,"parent":0,"menu_order":0,"comment_status":"closed","ping_status":"closed","template":"page-templates\/full-width-page.php","meta":{"_acf_changed":false,"footnotes":""},"class_list":["post-1216","page","type-page","status-publish","hentry"],"acf":[],"_links":{"self":[{"href":"https:\/\/www.pressure-guard.de\/de\/wp-json\/wp\/v2\/pages\/1216","targetHints":{"allow":["GET"]}}],"collection":[{"href":"https:\/\/www.pressure-guard.de\/de\/wp-json\/wp\/v2\/pages"}],"about":[{"href":"https:\/\/www.pressure-guard.de\/de\/wp-json\/wp\/v2\/types\/page"}],"author":[{"embeddable":true,"href":"https:\/\/www.pressure-guard.de\/de\/wp-json\/wp\/v2\/users\/1"}],"replies":[{"embeddable":true,"href":"https:\/\/www.pressure-guard.de\/de\/wp-json\/wp\/v2\/comments?post=1216"}],"version-history":[{"count":20,"href":"https:\/\/www.pressure-guard.de\/de\/wp-json\/wp\/v2\/pages\/1216\/revisions"}],"predecessor-version":[{"id":13649,"href":"https:\/\/www.pressure-guard.de\/de\/wp-json\/wp\/v2\/pages\/1216\/revisions\/13649"}],"wp:attachment":[{"href":"https:\/\/www.pressure-guard.de\/de\/wp-json\/wp\/v2\/media?parent=1216"}],"curies":[{"name":"wp","href":"https:\/\/api.w.org\/{rel}","templated":true}]}}