{"id":164,"date":"2021-10-06T12:04:40","date_gmt":"2021-10-06T10:04:40","guid":{"rendered":"https:\/\/www.pressure-guard.de\/\/?page_id=164"},"modified":"2023-04-13T17:24:45","modified_gmt":"2023-04-13T15:24:45","slug":"software","status":"publish","type":"page","link":"https:\/\/www.pressure-guard.de\/de\/software\/","title":{"rendered":"Software"},"content":{"rendered":"<div data-colibri-id=\"164-c1\" class=\"style-619 style-local-164-c1 position-relative\">\n  <!---->\n  <div data-colibri-component=\"section\" data-colibri-id=\"164-c2\" id=\"custom\" class=\"h-section h-section-global-spacing d-flex align-items-lg-center align-items-md-center align-items-center style-620 style-local-164-c2 position-relative\">\n    <div class=\"background-wrapper\">\n      <div class=\"background-layer background-layer-media-container-lg\">\n        <!---->\n        <div class=\"overlay-layer\">\n          <div class=\"overlay-image-layer\"><\/div>\n          <div class=\"shape-layer colibri-shape-rounded-squares-blue\" style=\"background-position: center center; background-size: cover; background-repeat: no-repeat; filter: invert(3%);\"><\/div>\n        <\/div>\n      <\/div>\n      <div class=\"background-layer background-layer-media-container-md\">\n        <!---->\n        <div class=\"overlay-layer\">\n          <div class=\"overlay-image-layer\"><\/div>\n          <div class=\"shape-layer colibri-shape-rounded-squares-blue\" style=\"background-position: center center; background-size: cover; background-repeat: no-repeat; filter: invert(3%);\"><\/div>\n        <\/div>\n      <\/div>\n      <div class=\"background-layer background-layer-media-container\">\n        <!---->\n        <div class=\"overlay-layer\">\n          <div class=\"overlay-image-layer\"><\/div>\n          <div class=\"shape-layer colibri-shape-rounded-squares-blue\" style=\"background-position: center center; background-size: cover; background-repeat: no-repeat; filter: invert(3%);\"><\/div>\n        <\/div>\n      <\/div>\n    <\/div>\n    <!---->\n    <div class=\"h-section-grid-container h-section-boxed-container\">\n      <!---->\n      <div data-colibri-id=\"164-c3\" class=\"h-row-container gutters-row-lg-2 gutters-row-md-2 gutters-row-0 gutters-row-v-lg-2 gutters-row-v-md-2 gutters-row-v-2 style-621 style-local-164-c3 position-relative\">\n        <!---->\n        <div class=\"h-row justify-content-lg-center justify-content-md-center justify-content-center align-items-lg-stretch align-items-md-stretch align-items-stretch gutters-col-lg-2 gutters-col-md-2 gutters-col-0 gutters-col-v-lg-2 gutters-col-v-md-2 gutters-col-v-2\">\n          <!---->\n          <div class=\"h-column h-column-container d-flex h-col-lg-auto h-col-md-auto h-col-auto style-622-outer style-local-164-c4-outer\">\n            <div data-colibri-id=\"164-c4\" class=\"d-flex h-flex-basis h-column__inner h-px-lg-2 h-px-md-2 h-px-2 v-inner-lg-2 v-inner-md-2 v-inner-2 style-622 style-local-164-c4 position-relative\">\n              <!---->\n              <!---->\n              <div class=\"w-100 h-y-container h-column__content h-column__v-align flex-basis-100 align-self-lg-start align-self-md-start align-self-start\">\n                <!---->\n                <div data-colibri-id=\"164-c5\" class=\"h-text h-text-component style-623 style-local-164-c5 position-relative h-element\">\n                  <!---->\n                  <!---->\n                  <div class=\"\">\n                    <h2><span style=\"color: rgb(255, 255, 255);\">Pressure-Guard Software<\/span>\n                      <br>\n                    <\/h2>\n                    <p>\n                      <br>\n                    <\/p>\n                    <p><span style=\"color: rgb(255, 255, 255);\">Highlights des Programms sind die flie\u00dfende Darstellungen von Hoch-, Mittel- und Atemwegsdruck, die Berechnung der dynamischen Atemarbeit inklusive Injektoreffekt sowie die Option, Pr\u00fcfprotokolle mit Druckkurven und dem eigenen Firmenlogo zu erstellen.<\/span><\/p>\n                    <p><span style=\"color: rgb(255, 255, 255);\">Die Pressure-Guard-Software unterst\u00fctzt Chipcard- sowie Transponderleser und kann Atemregler \u00fcber individuell kodierte Chipkarten identifizieren. Das Programm ist mehrsprachig erh\u00e4ltlich.<\/span><\/p>\n                    <p><span style=\"color: rgb(255, 255, 255);\">Ferner wurde eine Internet-Datenbank programmiert, auf die jeder Taucher, Hersteller oder Revisionsbetrieb zugreifenkann. Im World-Wide-Web sind alle Messwerte abgelegt und k\u00f6nnen per Password oder Chipkarte abgerufen werden. Nutzer haben so die Chance, weltweit auf ein umfangreiches und chronologisch nachvollziehbares Datenwerk zuzugreifen \u2013 auch ausserhalb von einzelnen H\u00e4ndlerdateien.<\/span><\/p>\n                  <\/div>\n                <\/div>\n              <\/div>\n            <\/div>\n          <\/div>\n        <\/div>\n      <\/div>\n    <\/div>\n  <\/div>\n  <div data-colibri-component=\"section\" data-colibri-id=\"164-c6\" id=\"custom-2\" class=\"h-section h-section-global-spacing d-flex align-items-lg-center align-items-md-center align-items-center style-624 style-local-164-c6 position-relative\">\n    <div class=\"background-wrapper\">\n      <div class=\"background-layer background-layer-media-container-lg\">\n        <div data-enabled=\"true\" data-colibri-component=\"parallax\" class=\"background-layer paraxify\" style=\"background-image: url(&quot;https:\/\/www.pressure-guard.de\/wp-content\/uploads\/2021\/10\/code-g5cf9c745a_1920.jpg&quot;);\" model-id=\"164-c6\" media=\"desktop\"\n          is-preview=\"true\"><\/div>\n      <\/div>\n      <div class=\"background-layer background-layer-media-container-md\">\n        <div data-enabled=\"true\" data-colibri-component=\"parallax\" class=\"background-layer paraxify\" style=\"background-image: url(&quot;https:\/\/www.pressure-guard.de\/wp-content\/uploads\/2021\/10\/code-g5cf9c745a_1920.jpg&quot;);\" model-id=\"164-c6\" media=\"tablet\"\n          is-preview=\"true\"><\/div>\n      <\/div>\n      <div class=\"background-layer background-layer-media-container\">\n        <div data-enabled=\"true\" data-colibri-component=\"parallax\" class=\"background-layer paraxify\" style=\"background-image: url(&quot;https:\/\/www.pressure-guard.de\/wp-content\/uploads\/2021\/10\/code-g5cf9c745a_1920.jpg&quot;);\" model-id=\"164-c6\" media=\"mobile\"\n          is-preview=\"true\"><\/div>\n      <\/div>\n    <\/div>\n    <!---->\n    <div class=\"h-section-grid-container h-section-boxed-container\">\n      <!---->\n      <div data-colibri-id=\"164-c7\" class=\"h-row-container gutters-row-lg-2 gutters-row-md-2 gutters-row-0 gutters-row-v-lg-2 gutters-row-v-md-2 gutters-row-v-2 style-625 style-local-164-c7 position-relative\">\n        <!---->\n        <div class=\"h-row justify-content-lg-center justify-content-md-center justify-content-center align-items-lg-stretch align-items-md-stretch align-items-stretch gutters-col-lg-2 gutters-col-md-2 gutters-col-0 gutters-col-v-lg-2 gutters-col-v-md-2 gutters-col-v-2\">\n          <!---->\n          <div class=\"h-column h-column-container d-flex h-col-lg-auto h-col-md-auto h-col-auto style-626-outer style-local-164-c8-outer\">\n            <div data-colibri-id=\"164-c8\" class=\"d-flex h-flex-basis h-column__inner h-ui-empty-state-container h-px-lg-2 h-px-md-2 h-px-2 v-inner-lg-2 v-inner-md-2 v-inner-2 style-626 style-local-164-c8 position-relative\">\n              <!---->\n              <!---->\n              <div class=\"w-100 h-y-container h-column__content h-column__v-align flex-basis-100\">\n                <!---->\n              <\/div>\n            <\/div>\n          <\/div>\n        <\/div>\n      <\/div>\n    <\/div>\n  <\/div>\n  <div data-colibri-component=\"section\" data-colibri-id=\"164-c9\" id=\"custom-3\" class=\"h-section h-section-global-spacing d-flex align-items-lg-center align-items-md-center align-items-center style-627 style-local-164-c9 position-relative\">\n    <div class=\"background-wrapper\">\n      <div class=\"background-layer background-layer-media-container-lg\">\n        <!---->\n        <div class=\"overlay-layer\">\n          <div class=\"overlay-image-layer\"><\/div>\n          <div class=\"shape-layer colibri-shape-rounded-squares-blue\" style=\"background-position: center center; background-size: cover; background-repeat: no-repeat; filter: invert(0%);\"><\/div>\n        <\/div>\n      <\/div>\n      <div class=\"background-layer background-layer-media-container-md\">\n        <!---->\n        <div class=\"overlay-layer\">\n          <div class=\"overlay-image-layer\"><\/div>\n          <div class=\"shape-layer colibri-shape-rounded-squares-blue\" style=\"background-position: center center; background-size: cover; background-repeat: no-repeat; filter: invert(0%);\"><\/div>\n        <\/div>\n      <\/div>\n      <div class=\"background-layer background-layer-media-container\">\n        <!---->\n        <div class=\"overlay-layer\">\n          <div class=\"overlay-image-layer\"><\/div>\n          <div class=\"shape-layer colibri-shape-rounded-squares-blue\" style=\"background-position: center center; background-size: cover; background-repeat: no-repeat; filter: invert(0%);\"><\/div>\n        <\/div>\n      <\/div>\n    <\/div>\n    <!---->\n    <div class=\"h-section-grid-container h-section-boxed-container\">\n      <!---->\n      <div data-colibri-id=\"164-c10\" class=\"h-row-container gutters-row-lg-2 gutters-row-md-2 gutters-row-0 gutters-row-v-lg-2 gutters-row-v-md-2 gutters-row-v-2 style-628 style-local-164-c10 position-relative\">\n        <!---->\n        <div class=\"h-row justify-content-lg-center justify-content-md-center justify-content-center align-items-lg-stretch align-items-md-stretch align-items-stretch gutters-col-lg-2 gutters-col-md-2 gutters-col-0 gutters-col-v-lg-2 gutters-col-v-md-2 gutters-col-v-2\">\n          <!---->\n          <div class=\"h-column h-column-container d-flex h-col-lg-auto h-col-md-auto h-col-auto style-629-outer style-local-164-c11-outer\">\n            <div data-colibri-id=\"164-c11\" class=\"d-flex h-flex-basis h-column__inner h-px-lg-2 h-px-md-2 h-px-2 v-inner-lg-2 v-inner-md-2 v-inner-2 style-629 style-local-164-c11 position-relative\">\n              <!---->\n              <!---->\n              <div class=\"w-100 h-y-container h-column__content h-column__v-align flex-basis-100 align-self-lg-start align-self-md-start align-self-start\">\n                <!---->\n                <div data-colibri-id=\"164-c12\" class=\"h-text h-text-component style-630 style-local-164-c12 position-relative h-element\">\n                  <!---->\n                  <!---->\n                  <div class=\"\">\n                    <p><strong style=\"font-size: 18pt; color: rgb(252, 247, 247);\">Funktionen<\/strong><\/p>\n                    <ul>\n                      <li><span style=\"color: rgb(252, 247, 247);\">Grafische Benutzeroberfl\u00e4che im MS Windows\u00ae Design zur Verwaltung der Messreihen und Tests <\/span><\/li>\n                      <li><span style=\"color: rgb(252, 247, 247);\">Flie\u00dfende Darstellung von Hoch-, Mittel- und Atemwegsdruck mit 1.000 Abtastungen pro Sekunde <\/span><\/li>\n                      <li><span style=\"color: rgb(252, 247, 247);\">Berechnung der dynamischen Atemarbeit inkl. Injektoreffekt <\/span><\/li>\n                      <li><span style=\"color: rgb(252, 247, 247);\">Check gegen produktspezifische Grenzwerte <\/span><\/li>\n                      <li><span style=\"color: rgb(252, 247, 247);\">Pr\u00fcfprotokoll mit Druckkurven und individuellem Firmenlogo <\/span><\/li>\n                      <li><span style=\"color: rgb(252, 247, 247);\">OEM Versionen m\u00f6glich <\/span><\/li>\n                      <li><span style=\"color: rgb(252, 247, 247);\">Mehrsprachig <\/span><\/li>\n                      <li><span style=\"color: rgb(252, 247, 247);\">Diverse Einheiten: bar &#8211; PSI &#8211; Inch <\/span><\/li>\n                      <li><span style=\"color: rgb(252, 247, 247);\">Unterst\u00fctzung von Chipcard &#8211; und Transponderleser <\/span><\/li>\n                      <li><span style=\"color: rgb(252, 247, 247);\">Identifikation der Atemregler \u00fcber eine individuell kodierte Chipkarte <\/span><\/li>\n                      <li><span style=\"color: rgb(252, 247, 247);\">Offene Schnittstellen zu LIMS oder anderen EDV Systemen <\/span><\/li>\n                      <li><span style=\"color: rgb(252, 247, 247);\">Messdatenbank MS Access kompatibel <\/span><\/li>\n                      <li><span style=\"color: rgb(252, 247, 247);\">Export in andere Dateiformate m\u00f6glich (z.B. MS Excel)<\/span><\/li>\n                    <\/ul>\n                  <\/div>\n                <\/div>\n              <\/div>\n            <\/div>\n          <\/div>\n          <div class=\"h-column h-column-container d-flex h-col-lg-auto h-col-md-auto h-col-auto style-633-outer style-local-164-c13-outer\">\n            <div data-colibri-id=\"164-c13\" class=\"d-flex h-flex-basis h-column__inner h-px-lg-2 h-px-md-2 h-px-2 v-inner-lg-2 v-inner-md-2 v-inner-2 style-633 style-local-164-c13 position-relative\">\n              <!---->\n              <!---->\n              <div class=\"w-100 h-y-container h-column__content h-column__v-align flex-basis-100 align-self-lg-start align-self-md-start align-self-start\">\n                <!---->\n                <div data-colibri-id=\"164-c14\" class=\"h-text h-text-component style-630 style-local-164-c14 position-relative h-element\">\n                  <!---->\n                  <!---->\n                  <div class=\"\">\n                    <p><strong style=\"font-size: 18pt; color: rgb(254, 254, 254);\">Demoversion <\/strong><\/p>\n                    <p><strong style=\"font-size: 18pt;\"><span class=\"ql-cursor\">\ufeff<\/span><\/strong><strong style=\"color: rgb(254, 254, 254);\">Sie m\u00f6chten Pressure-Guard vor dem Kauf testen?<\/strong><\/p>\n                    <p><span style=\"color: rgb(254, 254, 254);\">Hier k\u00f6nnen Sie das Programm Pressure-Guard 3.6 als Demoversion herunterladen. So k\u00f6nnen Sie die Software unverbindlich testen und sich einen Eindruck \u00fcber die Funktionalit\u00e4t verschaffen, bevor Sie sich f\u00fcr den Kauf entscheiden. Die Einschr\u00e4nkungen der Demoversion gegen\u00fcber der Vollversion sind an den entsprechenden Stellen im Programm kenntlich gemacht.<\/span><\/p>\n                    <p><span style=\"color: rgb(254, 254, 254);\">Das Passwort f\u00fcr die Demoversion lautet: pg<\/span><\/p>\n                  <\/div>\n                <\/div>\n                <div data-colibri-id=\"164-c15\" class=\"h-x-container style-635 style-local-164-c15 position-relative h-element\">\n                  <!---->\n                  <div class=\"h-x-container-inner style-dynamic-164-c15-group style-635-spacing style-local-164-c15-spacing\"><span class=\"h-button__outer style-636-outer style-local-164-c16-outer d-inline-flex h-element\"><a h-use-smooth-scroll=\"true\" href=\"https:\/\/www.pressure-guard.de\/wp-content\/uploads\/2022\/02\/PGuardSetup.zip\"  data-colibri-id=\"164-c16\" class=\"d-flex w-100 align-items-center h-button justify-content-lg-center justify-content-md-center justify-content-center style-636 style-local-164-c16 position-relative\"><!----><!----> <span>DOWNLOAD<\/span><\/a>\n                    <\/span>\n                  <\/div>\n                <\/div>\n                <div data-colibri-id=\"164-c17\" class=\"h-text h-text-component style-637 style-local-164-c17 position-relative h-element\">\n                  <!---->\n                  <!---->\n                  <div class=\"\">\n                    <p><strong style=\"color: rgb(243, 248, 250); font-size: 18pt;\">Anforderungen<\/strong><\/p>\n                    <ul>\n                      <li><span style=\"color: rgb(243, 248, 250);\">PC nach Anforderungen des Betriebssystems <\/span><\/li>\n                      <li><span style=\"color: rgb(243, 248, 250);\">Min. 200 MB freier Platz auf Ihrer Festplatte <\/span><\/li>\n                      <li><span style=\"color: rgb(243, 248, 250);\">Serielle oder USB-Schnittstelle <\/span><\/li>\n                      <li><span style=\"color: rgb(243, 248, 250);\">Unterst\u00fctzte Betriebssysteme: Windows XP, Windows Vista, Windows 7, OSX<\/span><\/li>\n                    <\/ul>\n                    <p>\n                      <br>\n                    <\/p>\n                  <\/div>\n                <\/div>\n              <\/div>\n            <\/div>\n          <\/div>\n        <\/div>\n      <\/div>\n    <\/div>\n  <\/div>\n<\/div>","protected":false},"excerpt":{"rendered":"<p>Pressure-Guard Software Highlights des Programms sind die flie\u00dfende Darstellungen von Hoch-, Mittel- und Atemwegsdruck, die Berechnung der dynamischen Atemarbeit inklusive Injektoreffekt sowie die Option, Pr\u00fcfprotokolle mit Druckkurven und dem eigenen Firmenlogo zu erstellen. Die Pressure-Guard-Software unterst\u00fctzt Chipcard- sowie Transponderleser und kann Atemregler \u00fcber individuell kodierte Chipkarten identifizieren. Das Programm ist mehrsprachig erh\u00e4ltlich. Ferner wurde eine [&hellip;]<\/p>\n","protected":false},"author":1,"featured_media":0,"parent":0,"menu_order":0,"comment_status":"closed","ping_status":"closed","template":"page-templates\/full-width-page.php","meta":{"_acf_changed":false,"footnotes":""},"class_list":["post-164","page","type-page","status-publish","hentry"],"acf":[],"_links":{"self":[{"href":"https:\/\/www.pressure-guard.de\/de\/wp-json\/wp\/v2\/pages\/164","targetHints":{"allow":["GET"]}}],"collection":[{"href":"https:\/\/www.pressure-guard.de\/de\/wp-json\/wp\/v2\/pages"}],"about":[{"href":"https:\/\/www.pressure-guard.de\/de\/wp-json\/wp\/v2\/types\/page"}],"author":[{"embeddable":true,"href":"https:\/\/www.pressure-guard.de\/de\/wp-json\/wp\/v2\/users\/1"}],"replies":[{"embeddable":true,"href":"https:\/\/www.pressure-guard.de\/de\/wp-json\/wp\/v2\/comments?post=164"}],"version-history":[{"count":16,"href":"https:\/\/www.pressure-guard.de\/de\/wp-json\/wp\/v2\/pages\/164\/revisions"}],"predecessor-version":[{"id":6357,"href":"https:\/\/www.pressure-guard.de\/de\/wp-json\/wp\/v2\/pages\/164\/revisions\/6357"}],"wp:attachment":[{"href":"https:\/\/www.pressure-guard.de\/de\/wp-json\/wp\/v2\/media?parent=164"}],"curies":[{"name":"wp","href":"https:\/\/api.w.org\/{rel}","templated":true}]}}