{"id":578,"date":"2021-10-11T10:36:58","date_gmt":"2021-10-11T08:36:58","guid":{"rendered":"https:\/\/www.pressure-guard.de\/\/?page_id=578"},"modified":"2021-10-11T10:49:50","modified_gmt":"2021-10-11T08:49:50","slug":"mt149","status":"publish","type":"page","link":"https:\/\/www.pressure-guard.de\/de\/mt149\/","title":{"rendered":"MT149"},"content":{"rendered":"<div data-colibri-id=\"578-c1\" class=\"style-653 style-local-578-c1 position-relative\">\n  <!---->\n  <div data-colibri-component=\"section\" data-colibri-id=\"578-c5\" id=\"content\" class=\"h-section h-section-global-spacing d-flex align-items-lg-center align-items-md-center align-items-center style-657 style-local-578-c5 position-relative\">\n    <div class=\"background-wrapper\">\n      <div class=\"background-layer background-layer-media-container-lg\">\n        <!---->\n        <div class=\"overlay-layer\">\n          <div class=\"overlay-image-layer\"><\/div>\n          <div class=\"shape-layer colibri-shape-two-circles\" style=\"background-position: center center; background-size: cover; background-repeat: no-repeat; filter: invert(0%);\"><\/div>\n        <\/div>\n      <\/div>\n      <div class=\"background-layer background-layer-media-container-md\">\n        <!---->\n        <div class=\"overlay-layer\">\n          <div class=\"overlay-image-layer\"><\/div>\n          <div class=\"shape-layer colibri-shape-two-circles\" style=\"background-position: center center; background-size: cover; background-repeat: no-repeat; filter: invert(0%);\"><\/div>\n        <\/div>\n      <\/div>\n      <div class=\"background-layer background-layer-media-container\">\n        <!---->\n        <div class=\"overlay-layer\">\n          <div class=\"overlay-image-layer\"><\/div>\n          <div class=\"shape-layer colibri-shape-two-circles\" style=\"background-position: center center; background-size: cover; background-repeat: no-repeat; filter: invert(0%);\"><\/div>\n        <\/div>\n      <\/div>\n    <\/div>\n    <!---->\n    <div class=\"h-section-grid-container h-section-boxed-container\">\n      <!---->\n      <div data-colibri-id=\"578-c6\" class=\"h-row-container gutters-row-lg-0 gutters-row-md-0 gutters-row-2 gutters-row-v-lg-0 gutters-row-v-md-0 gutters-row-v-0 style-658 style-local-578-c6 position-relative\">\n        <!---->\n        <div class=\"h-row justify-content-lg-center justify-content-md-center justify-content-center align-items-lg-stretch align-items-md-stretch align-items-stretch gutters-col-lg-0 gutters-col-md-0 gutters-col-2 gutters-col-v-lg-0 gutters-col-v-md-0 gutters-col-v-0\">\n          <!---->\n          <div class=\"h-column h-column-container d-flex h-col-lg-auto h-col-md-auto h-col-auto style-659-outer style-local-578-c7-outer\">\n            <div data-colibri-id=\"578-c7\" class=\"d-flex h-flex-basis h-column__inner h-px-lg-2 h-px-md-2 h-px-0 v-inner-lg-2 v-inner-md-2 v-inner-0 style-659 style-local-578-c7 position-relative\">\n              <!---->\n              <!---->\n              <div class=\"w-100 h-y-container h-column__content h-column__v-align flex-basis-100 align-self-lg-center align-self-md-center align-self-center\">\n                <!---->\n                <div data-colibri-id=\"578-c9\" class=\"h-lead h-text h-text-component style-661 style-local-578-c9 position-relative h-element\">\n                  <!---->\n                  <!---->\n                  <div class=\"\">\n                    <p>\n                      <br>Die Pressure-Guard L\u00f6sung f\u00fcr Institute und Gewerbe, die eine Masken-Pr\u00fcfung nach DIN EN 149 durchf\u00fchren m\u00fcssen.<\/p>\n                    <p>Mit dem MT149 steht Ihnen als Pr\u00fcfer oder Hersteller nach harter Entwicklungsarbeit eine professionelle und praxiserprobte L\u00f6sung zur Verf\u00fcgung, um den Schutzgrad einer CPA-Maske pr\u00e4zise zu ermitteln.<\/p>\n                    <p>\n                      <br>\n                    <\/p>\n                    <p>\n                      <br>\n                    <\/p>\n                  <\/div>\n                <\/div>\n              <\/div>\n            <\/div>\n          <\/div>\n          <div class=\"h-column h-column-container d-flex h-col-lg-auto h-col-md-auto h-col-auto style-669-outer style-local-578-c21-outer\">\n            <div data-colibri-id=\"578-c21\" class=\"d-flex h-flex-basis h-column__inner h-ui-empty-state-container h-px-lg-0 h-px-md-0 h-px-0 v-inner-lg-0 v-inner-md-0 v-inner-0 style-669 style-local-578-c21 position-relative\">\n              <!---->\n              <!---->\n              <div class=\"w-100 h-y-container h-column__content h-column__v-align flex-basis-100\">\n                <!---->\n              <\/div>\n            <\/div>\n          <\/div>\n        <\/div>\n      <\/div>\n    <\/div>\n  <\/div>\n  <div data-colibri-component=\"section\" data-colibri-id=\"578-c56\" id=\"custom\" class=\"h-section h-section-global-spacing d-flex align-items-lg-center align-items-md-center align-items-center style-696 style-local-578-c56 position-relative\">\n    <!---->\n    <!---->\n    <div class=\"h-section-grid-container h-section-boxed-container\">\n      <!---->\n      <div data-colibri-id=\"578-c57\" class=\"h-row-container gutters-row-lg-2 gutters-row-md-2 gutters-row-0 gutters-row-v-lg-2 gutters-row-v-md-2 gutters-row-v-2 style-697 style-local-578-c57 position-relative\">\n        <!---->\n        <div class=\"h-row justify-content-lg-center justify-content-md-center justify-content-center align-items-lg-stretch align-items-md-stretch align-items-stretch gutters-col-lg-2 gutters-col-md-2 gutters-col-0 gutters-col-v-lg-2 gutters-col-v-md-2 gutters-col-v-2\">\n          <!---->\n          <div class=\"h-column h-column-container d-flex h-col-lg-auto h-col-md-auto h-col-auto style-698-outer style-local-578-c58-outer\">\n            <div data-colibri-id=\"578-c58\" class=\"d-flex h-flex-basis h-column__inner h-px-lg-2 h-px-md-2 h-px-2 v-inner-lg-2 v-inner-md-2 v-inner-2 style-698 style-local-578-c58 position-relative\">\n              <!---->\n              <!---->\n              <div class=\"w-100 h-y-container h-column__content h-column__v-align flex-basis-100 align-self-lg-start align-self-md-start align-self-start\">\n                <!---->\n                <div data-colibri-id=\"578-c60\" class=\"d-block style-700 style-local-578-c60 position-relative h-element\">\n                  <!---->\n                  <div class=\"h-image__frame-container-outer\">\n                    <div class=\"h-image__frame-container\">\n                      <!---->\n                      <!---->\n                      <img loading=\"lazy\" decoding=\"async\" width=\"3672\" height=\"4896\" src=\"https:\/\/www.pressure-guard.de\/\/wp-content\/uploads\/2021\/10\/sheffieldkopf_freigestellt.jpg\" class=\"wp-image-589 style-700-image style-local-578-c60-image\" alt=\"\" \/>\n                      <div class=\"h-image__frame h-hide-lg h-hide-md h-hide-sm style-700-frameImage style-local-578-c60-frameImage\"><\/div>\n                    <\/div>\n                  <\/div>\n                <\/div>\n              <\/div>\n            <\/div>\n          <\/div>\n          <div class=\"h-column h-column-container d-flex h-col-lg-auto h-col-md-auto h-col-auto style-699-outer style-local-578-c59-outer\">\n            <div data-colibri-id=\"578-c59\" class=\"d-flex h-flex-basis h-column__inner h-px-lg-2 h-px-md-2 h-px-2 v-inner-lg-2 v-inner-md-2 v-inner-2 style-699 style-local-578-c59 position-relative\">\n              <!---->\n              <!---->\n              <div class=\"w-100 h-y-container h-column__content h-column__v-align flex-basis-100 align-self-lg-start align-self-md-start align-self-start\">\n                <!---->\n                <div data-colibri-id=\"578-c61\" class=\"h-text h-text-component style-701 style-local-578-c61 position-relative h-element\">\n                  <!---->\n                  <!---->\n                  <div class=\"\">\n                    <p><span style=\"color: rgb(254, 254, 254);\">Der MT149 ist ein Produkt, das mit h\u00f6chsten Qualit\u00e4tsanforderungen gefertigt wurde. Er dient zur Pr\u00fcfung von CPA-Masken im Hinblick auf die DIN149. Dabei k\u00f6nnen verschiedene Stufen der Pr\u00fcfung nach DIN 149 ber\u00fccksichtigt werden.<\/span><\/p>\n                    <p><span style=\"color: rgb(254, 254, 254);\">Die CPA-Masken werden nach der Pr\u00fcfung in verschiedene Ger\u00e4teklassen eingeteilt, sofern die einzelnen Komponenten der Atemschutzger\u00e4te Anforderungen gen\u00fcgen.<\/span><\/p>\n                    <p><span style=\"color: rgb(254, 254, 254);\">Der MT149 hilft dem Pr\u00fcfer bei der Konditionierung der Atemschutzger\u00e4te, bei der anschlie\u00dfenden Messung und bei der Auswertung der Messergebnisse.<\/span><\/p>\n                    <p><span style=\"color: rgb(254, 254, 254);\">Es k\u00f6nnen mit Hilfe der Messergebnisse R\u00fcckschl\u00fcsse auf die Leckagetoleranz, die Filterleistung und Atemarbeit, bzw. den ben\u00f6tigten Kraftaufwand beim Ein- bzw. Ausatmen gezogen werden.<\/span><\/p>\n                    <p><span style=\"color: rgb(254, 254, 254);\">Der MT149 besitzt eine Kolbenhubpumpe, ein Sheffield-Kopf mit Temperatur-Sensor und einem Zugang f\u00fcr den Anschluss eines Niederdrucksensors. Der RBH149 Respiratory-Bubble-Humidifier (Atemwegsluftbefeuchter) dient zur Erw\u00e4rmung und zur Befeuchtung der Atemluft und simuliert im Zusammenspiel mit der Pumpe eine menschliche&nbsp;Atmung.<\/span><\/p>\n                    <p><span style=\"color: rgb(254, 254, 254);\">Die MT149 kann an einem PC mit USB- oder seriellem Anschluss betrieben werden.<\/span><\/p>\n                    <p><span style=\"color: rgb(254, 254, 254);\">Die Software ist auf allen g\u00e4ngigen Betriebssystem installierbar und lauff\u00e4hig.<\/span><\/p>\n                  <\/div>\n                <\/div>\n              <\/div>\n            <\/div>\n          <\/div>\n        <\/div>\n      <\/div>\n    <\/div>\n  <\/div>\n  <div data-colibri-component=\"section\" data-colibri-id=\"578-c62\" id=\"custom-2\" class=\"h-section h-section-global-spacing d-flex align-items-lg-center align-items-md-center align-items-center style-702 style-local-578-c62 position-relative\">\n    <!---->\n    <!---->\n    <div class=\"h-section-grid-container h-section-boxed-container\">\n      <!---->\n      <div data-colibri-id=\"578-c63\" class=\"h-row-container gutters-row-lg-2 gutters-row-md-2 gutters-row-0 gutters-row-v-lg-2 gutters-row-v-md-2 gutters-row-v-2 style-703 style-local-578-c63 position-relative\">\n        <!---->\n        <div class=\"h-row justify-content-lg-center justify-content-md-center justify-content-center align-items-lg-stretch align-items-md-stretch align-items-stretch gutters-col-lg-2 gutters-col-md-2 gutters-col-0 gutters-col-v-lg-2 gutters-col-v-md-2 gutters-col-v-2\">\n          <!---->\n          <div class=\"h-column h-column-container d-flex h-col-lg-auto h-col-md-auto h-col-auto style-704-outer style-local-578-c64-outer\">\n            <div data-colibri-id=\"578-c64\" class=\"d-flex h-flex-basis h-column__inner h-px-lg-2 h-px-md-2 h-px-2 v-inner-lg-2 v-inner-md-2 v-inner-2 style-704 style-local-578-c64 position-relative\">\n              <!---->\n              <!---->\n              <div class=\"w-100 h-y-container h-column__content h-column__v-align flex-basis-100 align-self-lg-start align-self-md-start align-self-start\">\n                <!---->\n                <div data-colibri-id=\"578-c66\" class=\"h-text h-text-component style-706 style-local-578-c66 position-relative h-element\">\n                  <!---->\n                  <!---->\n                  <div class=\"\">\n                    <p>Folgende Vorteile sind zum Maskentester MT149 2020 neu hinzugekommen: <\/p>\n                    <ul>\n                      <li>Sheffield-Kopf nach DIN149 f\u00fcr Masken-Konditionierung <\/li>\n                      <li>USB 2.0 Anschluss (zus\u00e4tzlich zum seriellen Anschluss) <\/li>\n                      <li>wei\u00dfe Farbe (ideal f\u00fcr Labor und Medizin) <\/li>\n                      <li>Energieeffizienteres Netzteil <\/li>\n                      <li>programmierbarer&nbsp;RBH 149 Respiratory Bubble-Humidifier (Atemwegsluftbefeuchter) <\/li>\n                      <li>Aufzeichnung erfolgt grafisch als 5 Atemz\u00fcgekontinuierlich \u00fcberzeichnend<\/li>\n                      <li>zus\u00e4tzliche Abspeicherung der Atemzyklen alsTXT-File mit Tabulator-Trennung f\u00fcr Excel-Import <\/li>\n                      <li>Atemwegsdruck, Titalvolumen werden je msangegeben <\/li>\n                      <li>stehender Aufbau (optional) <\/li>\n                      <li>Motork\u00fchlung (optional) <\/li>\n                      <li>Fl\u00fcssigkeits-Dreinage (optional) <\/li>\n                      <li>korrosionsfreie Bauteile (optional)<\/li>\n                    <\/ul>\n                  <\/div>\n                <\/div>\n              <\/div>\n            <\/div>\n          <\/div>\n          <div class=\"h-column h-column-container d-flex h-col-lg-auto h-col-md-auto h-col-auto style-705-outer style-local-578-c65-outer\">\n            <div data-colibri-id=\"578-c65\" class=\"d-flex h-flex-basis h-column__inner h-px-lg-2 h-px-md-2 h-px-2 v-inner-lg-2 v-inner-md-2 v-inner-2 style-705 style-local-578-c65 position-relative\">\n              <!---->\n              <!---->\n              <div class=\"w-100 h-y-container h-column__content h-column__v-align flex-basis-100 align-self-lg-start align-self-md-start align-self-start\">\n                <!---->\n                <div data-colibri-id=\"578-c67\" class=\"d-block style-707 style-local-578-c67 position-relative h-element\">\n                  <!---->\n                  <div class=\"h-image__frame-container-outer\">\n                    <div class=\"h-image__frame-container\">\n                      <!---->\n                      <!---->\n                      <img loading=\"lazy\" decoding=\"async\" width=\"380\" height=\"285\" src=\"https:\/\/www.pressure-guard.de\/\/wp-content\/uploads\/2021\/10\/anschlssemt149_Kopiewbklein.png\" class=\"wp-image-590 style-707-image style-local-578-c67-image\" alt=\"\" \/>\n                      <div class=\"h-image__frame h-hide-lg h-hide-md h-hide-sm style-707-frameImage style-local-578-c67-frameImage\"><\/div>\n                    <\/div>\n                  <\/div>\n                <\/div>\n              <\/div>\n            <\/div>\n          <\/div>\n        <\/div>\n      <\/div>\n    <\/div>\n  <\/div>\n<\/div>","protected":false},"excerpt":{"rendered":"<p>Die Pressure-Guard L\u00f6sung f\u00fcr Institute und Gewerbe, die eine Masken-Pr\u00fcfung nach DIN EN 149 durchf\u00fchren m\u00fcssen. Mit dem MT149 steht Ihnen als Pr\u00fcfer oder Hersteller nach harter Entwicklungsarbeit eine professionelle und praxiserprobte L\u00f6sung zur Verf\u00fcgung, um den Schutzgrad einer CPA-Maske pr\u00e4zise zu ermitteln. Der MT149 ist ein Produkt, das mit h\u00f6chsten Qualit\u00e4tsanforderungen gefertigt wurde. Er [&hellip;]<\/p>\n","protected":false},"author":1,"featured_media":0,"parent":0,"menu_order":0,"comment_status":"closed","ping_status":"closed","template":"page-templates\/full-width-page.php","meta":{"_acf_changed":false,"footnotes":""},"class_list":["post-578","page","type-page","status-publish","hentry"],"acf":[],"_links":{"self":[{"href":"https:\/\/www.pressure-guard.de\/de\/wp-json\/wp\/v2\/pages\/578","targetHints":{"allow":["GET"]}}],"collection":[{"href":"https:\/\/www.pressure-guard.de\/de\/wp-json\/wp\/v2\/pages"}],"about":[{"href":"https:\/\/www.pressure-guard.de\/de\/wp-json\/wp\/v2\/types\/page"}],"author":[{"embeddable":true,"href":"https:\/\/www.pressure-guard.de\/de\/wp-json\/wp\/v2\/users\/1"}],"replies":[{"embeddable":true,"href":"https:\/\/www.pressure-guard.de\/de\/wp-json\/wp\/v2\/comments?post=578"}],"version-history":[{"count":2,"href":"https:\/\/www.pressure-guard.de\/de\/wp-json\/wp\/v2\/pages\/578\/revisions"}],"predecessor-version":[{"id":592,"href":"https:\/\/www.pressure-guard.de\/de\/wp-json\/wp\/v2\/pages\/578\/revisions\/592"}],"wp:attachment":[{"href":"https:\/\/www.pressure-guard.de\/de\/wp-json\/wp\/v2\/media?parent=578"}],"curies":[{"name":"wp","href":"https:\/\/api.w.org\/{rel}","templated":true}]}}