{"id":866,"date":"2021-11-01T14:02:18","date_gmt":"2021-11-01T13:02:18","guid":{"rendered":"https:\/\/www.pressure-guard.de\/?page_id=866"},"modified":"2023-08-31T10:19:57","modified_gmt":"2023-08-31T08:19:57","slug":"as137","status":"publish","type":"page","link":"https:\/\/www.pressure-guard.de\/de\/as137\/","title":{"rendered":"AS137"},"content":{"rendered":"<div data-colibri-id=\"866-c1\" class=\"style-828 style-local-866-c1 position-relative\">\n  <!---->\n  <div data-colibri-component=\"section\" data-colibri-id=\"866-c2\" id=\"custom\" class=\"h-section h-section-global-spacing d-flex align-items-lg-center align-items-md-center align-items-center style-829 style-local-866-c2 position-relative\">\n    <!---->\n    <!---->\n    <div class=\"h-section-grid-container h-section-boxed-container\">\n      <!---->\n      <div data-colibri-id=\"866-c3\" class=\"h-row-container gutters-row-lg-2 gutters-row-md-2 gutters-row-0 gutters-row-v-lg-2 gutters-row-v-md-2 gutters-row-v-2 style-830 style-local-866-c3 position-relative\">\n        <!---->\n        <div class=\"h-row justify-content-lg-center justify-content-md-center justify-content-center align-items-lg-stretch align-items-md-stretch align-items-stretch gutters-col-lg-2 gutters-col-md-2 gutters-col-0 gutters-col-v-lg-2 gutters-col-v-md-2 gutters-col-v-2\">\n          <!---->\n          <div class=\"h-column h-column-container d-flex h-col-lg-auto h-col-md-auto h-col-auto style-831-outer style-local-866-c4-outer\">\n            <div data-colibri-id=\"866-c4\" class=\"d-flex h-flex-basis h-column__inner h-px-lg-2 h-px-md-2 h-px-2 v-inner-lg-2 v-inner-md-2 v-inner-2 style-831 style-local-866-c4 position-relative\">\n              <!---->\n              <!---->\n              <div class=\"w-100 h-y-container h-column__content h-column__v-align flex-basis-100 align-self-lg-start align-self-md-start align-self-start\">\n                <!---->\n                <div data-colibri-id=\"866-c5\" class=\"d-block style-833 style-local-866-c5 position-relative h-element\">\n                  <!---->\n                  <div class=\"h-image__frame-container-outer\">\n                    <div class=\"h-image__frame-container\">\n                      <!---->\n                      <!---->\n                      <img loading=\"lazy\" decoding=\"async\" width=\"350\" height=\"259\" src=\"https:\/\/www.pressure-guard.de\/wp-content\/uploads\/2021\/11\/as137_freigestellt2.jpg\" class=\"wp-image-1014 style-833-image style-local-866-c5-image\" alt=\"\" srcset=\"https:\/\/www.pressure-guard.de\/wp-content\/uploads\/2021\/11\/as137_freigestellt2.jpg 350w, https:\/\/www.pressure-guard.de\/wp-content\/uploads\/2021\/11\/as137_freigestellt2-300x222.jpg 300w\" sizes=\"auto, (max-width: 350px) 100vw, 350px\" \/>\n                      <div class=\"h-image__frame h-hide-lg h-hide-md h-hide-sm style-833-frameImage style-local-866-c5-frameImage\"><\/div>\n                    <\/div>\n                  <\/div>\n                <\/div>\n              <\/div>\n            <\/div>\n          <\/div>\n          <div class=\"h-column h-column-container d-flex h-col-lg-auto h-col-md-auto h-col-auto style-832-outer style-local-866-c6-outer\">\n            <div data-colibri-id=\"866-c6\" class=\"d-flex h-flex-basis h-column__inner h-px-lg-2 h-px-md-2 h-px-2 v-inner-lg-2 v-inner-md-2 v-inner-2 style-832 style-local-866-c6 position-relative\">\n              <!---->\n              <!---->\n              <div class=\"w-100 h-y-container h-column__content h-column__v-align flex-basis-100 align-self-lg-start align-self-md-start align-self-start\">\n                <!---->\n                <div data-colibri-id=\"866-c7\" class=\"h-text h-text-component style-834 style-local-866-c7 position-relative h-element\">\n                  <!---->\n                  <!---->\n                  <div class=\"\">\n                    <p><span style=\"font-family: Open Sans; font-size: 12pt;\">Die Pressure-Guard L\u00f6sung f\u00fcr den Atemschutz. Computergest\u00fctztes Pr\u00fcfger\u00e4t f\u00fcr die moderne Atemschutzwerkstatt.<\/span><\/p>\n                    <p><span style=\"font-family: Open Sans; font-size: 12pt;\">F\u00fcr Atemschutzger\u00e4te nach EN 137, vfdb-Richtlinie 0804, FwDV7 und EN 250. Hochpr\u00e4zise Kolbenpumpe, robust, frei programmierbar und herstellerunabh\u00e4ngig.<\/span><\/p>\n                    <p><span style=\"font-family: Open Sans; font-size: 12pt;\">Vollmasken, Atemregler, Pressluftatmer, Chemikalienschutzanz\u00fcge und Taucherjackets.<\/span><\/p>\n                  <\/div>\n                <\/div>\n              <\/div>\n            <\/div>\n          <\/div>\n        <\/div>\n      <\/div>\n    <\/div>\n  <\/div>\n  <div data-colibri-component=\"section\" data-colibri-id=\"866-c8\" id=\"custom-2\" class=\"h-section h-section-global-spacing d-flex align-items-lg-center align-items-md-center align-items-center style-835 style-local-866-c8 position-relative\">\n    <!---->\n    <!---->\n    <div class=\"h-section-grid-container h-section-boxed-container\">\n      <!---->\n      <div data-colibri-id=\"866-c9\" class=\"h-row-container gutters-row-lg-2 gutters-row-md-2 gutters-row-0 gutters-row-v-lg-2 gutters-row-v-md-2 gutters-row-v-2 style-836 style-local-866-c9 position-relative\">\n        <!---->\n        <div class=\"h-row justify-content-lg-center justify-content-md-center justify-content-center align-items-lg-stretch align-items-md-stretch align-items-stretch gutters-col-lg-2 gutters-col-md-2 gutters-col-0 gutters-col-v-lg-2 gutters-col-v-md-2 gutters-col-v-2\">\n          <!---->\n          <div class=\"h-column h-column-container d-flex h-col-lg-auto h-col-md-auto h-col-auto style-837-outer style-local-866-c10-outer\">\n            <div data-colibri-id=\"866-c10\" class=\"d-flex h-flex-basis h-column__inner h-px-lg-2 h-px-md-2 h-px-2 v-inner-lg-2 v-inner-md-2 v-inner-2 style-837 style-local-866-c10 position-relative\">\n              <!---->\n              <!---->\n              <div class=\"w-100 h-y-container h-column__content h-column__v-align flex-basis-100 align-self-lg-start align-self-md-start align-self-start\">\n                <!---->\n                <div data-colibri-id=\"866-c11\" class=\"h-text h-text-component style-840 style-local-866-c11 position-relative h-element\">\n                  <!---->\n                  <!---->\n                  <div class=\"\">\n                    <p><span style=\"font-family: Open Sans; font-size: 12pt; font-weight: 700;\">Ihre Vorteile mit der Pressure-Guard-AS:<\/span><\/p>\n                    <p><span style=\"font-family: Open Sans; font-size: 12pt;\">Pr\u00fcft <\/span><\/p>\n                    <p><span style=\"font-family: Open Sans; font-size: 12pt;\">\u2022 Vollmasken <br>\u2022 Atemregler <br>\u2022 Pressluftatmer <br>\u2022 Chemikalien-Schutzanz\u00fcge <br>\u2022 Taucherjackets<\/span><\/p>\n                    <p><span style=\"font-family: Open Sans; font-size: 12pt;\">\u2022 Pr\u00e4zise Ermittlung der dynamischen Atemarbeit<br> \u2022 Aussagekr\u00e4ftige und \u00fcbersichtliche grafische Darstellung der Messergebnisse <br>\u2022 Low Cost \u2022 Bedienungsfreundlich <br>\u2022 Herstellerunabh\u00e4ngig<\/span><\/p>\n                    <p><span style=\"font-family: Open Sans; font-size: 12pt;\">\u2022 Pr\u00fcfnachweis gem\u00e4\u00df FwDV7 <br>\u2022 Hochgenaue dynamische Messungen nach vfdb-Richtlinie 0804, DIN&nbsp; EN137 und EN250<\/span><\/p>\n                  <\/div>\n                <\/div>\n              <\/div>\n            <\/div>\n          <\/div>\n          <div class=\"h-column h-column-container d-flex h-col-lg-auto h-col-md-auto h-col-auto style-838-outer style-local-866-c12-outer\">\n            <div data-colibri-id=\"866-c12\" class=\"d-flex h-flex-basis h-column__inner h-px-lg-2 h-px-md-2 h-px-2 v-inner-lg-2 v-inner-md-2 v-inner-2 style-838 style-local-866-c12 position-relative\">\n              <!---->\n              <!---->\n              <div class=\"w-100 h-y-container h-column__content h-column__v-align flex-basis-100 align-self-lg-start align-self-md-start align-self-start\">\n                <!---->\n                <div data-colibri-id=\"866-c13\" class=\"d-block style-839 style-local-866-c13 position-relative h-element\">\n                  <!---->\n                  <div class=\"h-image__frame-container-outer\">\n                    <div class=\"h-image__frame-container\">\n                      <!---->\n                      <!---->\n                      <img loading=\"lazy\" decoding=\"async\" width=\"369\" height=\"278\" src=\"https:\/\/www.pressure-guard.de\/wp-content\/uploads\/2021\/11\/as1.jpg\" class=\"wp-image-877 style-839-image style-local-866-c13-image\" alt=\"\" srcset=\"https:\/\/www.pressure-guard.de\/wp-content\/uploads\/2021\/11\/as1.jpg 369w, https:\/\/www.pressure-guard.de\/wp-content\/uploads\/2021\/11\/as1-300x226.jpg 300w\" sizes=\"auto, (max-width: 369px) 100vw, 369px\" \/>\n                      <div class=\"h-image__frame h-hide-lg h-hide-md h-hide-sm style-839-frameImage style-local-866-c13-frameImage\"><\/div>\n                    <\/div>\n                  <\/div>\n                <\/div>\n              <\/div>\n            <\/div>\n          <\/div>\n        <\/div>\n      <\/div>\n    <\/div>\n  <\/div>\n  <div data-colibri-component=\"section\" data-colibri-id=\"866-c14\" id=\"custom-3\" class=\"h-section h-section-global-spacing d-flex align-items-lg-center align-items-md-center align-items-center style-841 style-local-866-c14 position-relative\">\n    <!---->\n    <!---->\n    <div class=\"h-section-grid-container h-section-boxed-container\">\n      <!---->\n      <div data-colibri-id=\"866-c15\" class=\"h-row-container gutters-row-lg-2 gutters-row-md-2 gutters-row-0 gutters-row-v-lg-2 gutters-row-v-md-2 gutters-row-v-2 style-842 style-local-866-c15 position-relative\">\n        <!---->\n        <div class=\"h-row justify-content-lg-center justify-content-md-center justify-content-center align-items-lg-stretch align-items-md-stretch align-items-stretch gutters-col-lg-2 gutters-col-md-2 gutters-col-0 gutters-col-v-lg-2 gutters-col-v-md-2 gutters-col-v-2\">\n          <!---->\n          <div class=\"h-column h-column-container d-flex h-col-lg-auto h-col-md-auto h-col-auto style-843-outer style-local-866-c16-outer\">\n            <div data-colibri-id=\"866-c16\" class=\"d-flex h-flex-basis h-column__inner h-px-lg-2 h-px-md-2 h-px-2 v-inner-lg-2 v-inner-md-2 v-inner-2 style-843 style-local-866-c16 position-relative\">\n              <!---->\n              <!---->\n              <div class=\"w-100 h-y-container h-column__content h-column__v-align flex-basis-100 align-self-lg-start align-self-md-start align-self-start\">\n                <!---->\n                <div data-colibri-id=\"866-c17\" class=\"h-global-transition-all h-heading style-848 style-local-866-c17 position-relative h-element\">\n                  <!---->\n                  <div class=\"h-heading__outer style-848 style-local-866-c17\">\n                    <!---->\n                    <!---->\n                    <h4 class=\"\">Technische Daten<\/h4>\n                  <\/div>\n                <\/div>\n                <div data-colibri-id=\"866-c18\" class=\"h-text h-text-component style-847 style-local-866-c18 position-relative h-element\">\n                  <!---->\n                  <!---->\n                  <div class=\"\">\n                    <p><span style=\"font-family: Open Sans; font-size: 12pt;\">\u2022 Computergesteuerte Pr\u00fcfbank <br>\u2022 Anschl\u00fcsse f\u00fcr 300-bar-Technik <br>\u2022 manuell einstellbarer Hochdruckminderer 0 .. 350 bar <br>\u2022 Sheffield-Kopf f\u00fcr Masken- und Lungenautomatenanschluss <br>\u2022 Spindelgef\u00fchrte Kolbenpumpe mit einstellbarer Atemfrequenz und Hubvolumen <br>\u2022 Barcode- oder Transponder-Leseger\u00e4t <br>\u2022 Zubeh\u00f6r f\u00fcr Schutzanzugpr\u00fcfung <br>\u2022 Sonderausstattung f\u00fcr Taucherjacket-Pr\u00fcfung<\/span><\/p>\n                  <\/div>\n                <\/div>\n              <\/div>\n            <\/div>\n          <\/div>\n          <div class=\"h-column h-column-container d-flex h-col-lg-auto h-col-md-auto h-col-auto style-820-outer style-local-866-c19-outer\">\n            <div data-colibri-id=\"866-c19\" class=\"d-flex h-flex-basis h-column__inner h-px-lg-2 h-px-md-2 h-px-2 v-inner-lg-2 v-inner-md-2 v-inner-2 style-820 style-local-866-c19 position-relative\">\n              <!---->\n              <!---->\n              <div class=\"w-100 h-y-container h-column__content h-column__v-align flex-basis-100 align-self-lg-start align-self-md-start align-self-start\">\n                <!---->\n                <div data-colibri-id=\"866-c20\" class=\"h-global-transition-all h-heading style-849 style-local-866-c20 position-relative h-element\">\n                  <!---->\n                  <div class=\"h-heading__outer style-849 style-local-866-c20\">\n                    <!---->\n                    <!---->\n                    <h4 class=\"\">Lieferumfang<\/h4>\n                  <\/div>\n                <\/div>\n                <div data-colibri-id=\"866-c21\" class=\"h-text h-text-component style-846 style-local-866-c21 position-relative h-element\">\n                  <!---->\n                  <!---->\n                  <div class=\"\">\n                    <p><span style=\"font-family: Times New Roman, serif; font-size: 12pt;\">\u2022<\/span><span style=\"font-family: Open Sans; font-size: 12pt;\"> <\/span><strong style=\"font-family: Open Sans; font-size: 12pt;\">Pr\u00fcfbank Pressure-Guard AS 137<\/strong>\n                      <span\n                        style=\"font-family: Open Sans; font-size: 12pt;\">\n                        <br>\u2022 Hochdruck-, Mitteldruck-, Niederdruck-Sensor\n                        <br>\u2022 Hochdruckminderer (0 bis 300 bar)\n                        <br>\u2022 USB- und Seriel-Kabel&nbsp;&nbsp;<\/span>\n                    <\/p>\n                    <p><span style=\"font-family: Open Sans; font-size: 12pt;\">Optional: <br>\u2022 Touchscreen <br>\u2022 Digitalkamera f\u00fcr Manometer <br>\u2022&nbsp;Embedded Industrie PC <br>\u2022 Tastatur und Maus<\/span><\/p>\n                  <\/div>\n                <\/div>\n              <\/div>\n            <\/div>\n          <\/div>\n        <\/div>\n      <\/div>\n    <\/div>\n  <\/div>\n  <div data-colibri-component=\"section\" data-colibri-id=\"866-c22\" id=\"custom-4\" class=\"h-section h-section-global-spacing d-flex align-items-lg-center align-items-md-center align-items-center style-850 style-local-866-c22 position-relative\">\n    <!---->\n    <!---->\n    <div class=\"h-section-grid-container h-section-boxed-container\">\n      <!---->\n      <div data-colibri-id=\"866-c23\" class=\"h-row-container gutters-row-lg-2 gutters-row-md-2 gutters-row-0 gutters-row-v-lg-2 gutters-row-v-md-2 gutters-row-v-2 style-851 style-local-866-c23 position-relative\">\n        <!---->\n        <div class=\"h-row justify-content-lg-center justify-content-md-center justify-content-center align-items-lg-stretch align-items-md-stretch align-items-stretch gutters-col-lg-2 gutters-col-md-2 gutters-col-0 gutters-col-v-lg-2 gutters-col-v-md-2 gutters-col-v-2\">\n          <!---->\n          <div class=\"h-column h-column-container d-flex h-col-lg-auto h-col-md-auto h-col-auto style-852-outer style-local-866-c24-outer\">\n            <div data-colibri-id=\"866-c24\" class=\"d-flex h-flex-basis h-column__inner h-px-lg-2 h-px-md-2 h-px-2 v-inner-lg-2 v-inner-md-2 v-inner-2 style-852 style-local-866-c24 position-relative\">\n              <!---->\n              <!---->\n              <div class=\"w-100 h-y-container h-column__content h-column__v-align flex-basis-100 align-self-lg-start align-self-md-start align-self-start\">\n                <!---->\n                <div data-colibri-id=\"866-c25\" class=\"h-global-transition-all h-heading style-855 style-local-866-c25 position-relative h-element\">\n                  <!---->\n                  <div class=\"h-heading__outer style-855 style-local-866-c25\">\n                    <!---->\n                    <!---->\n                    <h4 class=\"\">Informationsdownload<\/h4>\n                  <\/div>\n                <\/div>\n                <div data-colibri-id=\"866-c26\" class=\"h-text h-text-component style-854 style-local-866-c26 position-relative h-element\">\n                  <!---->\n                  <!---->\n                  <div class=\"\">\n                    <p><span style=\"font-family: Open Sans;\"><span class=\"ql-cursor\">\ufeff<\/span> <\/span><span style=\"font-family: Open Sans; font-size: 12pt;\">Der Pressure-Guard-AS Flyer zum Download als pdf.<\/span><\/p>\n                  <\/div>\n                <\/div>\n                <div data-colibri-id=\"866-c27\" class=\"h-x-container style-857 style-local-866-c27 position-relative h-element\">\n                  <!---->\n                  <div class=\"h-x-container-inner style-dynamic-866-c27-group style-857-spacing style-local-866-c27-spacing\"><span class=\"h-button__outer style-858-outer style-local-866-c28-outer d-inline-flex h-element\"><a h-use-smooth-scroll=\"true\" href=\"https:\/\/www.pressure-guard.de\/wp-content\/uploads\/2023\/08\/pressureguard_as137_flyer.pdf\"  data-colibri-id=\"866-c28\" class=\"d-flex w-100 align-items-center h-button justify-content-lg-center justify-content-md-center justify-content-center style-858 style-local-866-c28 position-relative\"><!----><!----> <span>download<\/span><\/a>\n                    <\/span>\n                  <\/div>\n                <\/div>\n              <\/div>\n            <\/div>\n          <\/div>\n          <div class=\"h-column h-column-container d-flex h-col-lg-auto h-col-md-auto h-col-auto style-853-outer style-local-866-c29-outer\">\n            <div data-colibri-id=\"866-c29\" class=\"d-flex h-flex-basis h-column__inner h-px-lg-2 h-px-md-2 h-px-2 v-inner-lg-2 v-inner-md-2 v-inner-2 style-853 style-local-866-c29 position-relative\">\n              <!---->\n              <!---->\n              <div class=\"w-100 h-y-container h-column__content h-column__v-align flex-basis-100 align-self-lg-start align-self-md-start align-self-start\">\n                <!---->\n                <div data-colibri-id=\"866-c30\" class=\"d-block style-856 style-local-866-c30 position-relative h-element\">\n                  <!---->\n                  <div class=\"h-image__frame-container-outer\">\n                    <div class=\"h-image__frame-container\">\n                      <!---->\n                      <!---->\n                      <img loading=\"lazy\" decoding=\"async\" width=\"350\" height=\"242\" src=\"https:\/\/www.pressure-guard.de\/wp-content\/uploads\/2021\/11\/as3.jpg\" class=\"wp-image-879 style-856-image style-local-866-c30-image\" alt=\"\" srcset=\"https:\/\/www.pressure-guard.de\/wp-content\/uploads\/2021\/11\/as3.jpg 350w, https:\/\/www.pressure-guard.de\/wp-content\/uploads\/2021\/11\/as3-300x207.jpg 300w\" sizes=\"auto, (max-width: 350px) 100vw, 350px\" \/>\n                      <div class=\"h-image__frame h-hide-lg h-hide-md h-hide-sm style-856-frameImage style-local-866-c30-frameImage\"><\/div>\n                    <\/div>\n                  <\/div>\n                <\/div>\n              <\/div>\n            <\/div>\n          <\/div>\n        <\/div>\n      <\/div>\n    <\/div>\n  <\/div>\n<\/div>","protected":false},"excerpt":{"rendered":"<p>Die Pressure-Guard L\u00f6sung f\u00fcr den Atemschutz. Computergest\u00fctztes Pr\u00fcfger\u00e4t f\u00fcr die moderne Atemschutzwerkstatt. F\u00fcr Atemschutzger\u00e4te nach EN 137, vfdb-Richtlinie 0804, FwDV7 und EN 250. Hochpr\u00e4zise Kolbenpumpe, robust, frei programmierbar und herstellerunabh\u00e4ngig. Vollmasken, Atemregler, Pressluftatmer, Chemikalienschutzanz\u00fcge und Taucherjackets. Ihre Vorteile mit der Pressure-Guard-AS: Pr\u00fcft \u2022 Vollmasken \u2022 Atemregler \u2022 Pressluftatmer \u2022 Chemikalien-Schutzanz\u00fcge \u2022 Taucherjackets \u2022 Pr\u00e4zise Ermittlung [&hellip;]<\/p>\n","protected":false},"author":1,"featured_media":0,"parent":0,"menu_order":0,"comment_status":"closed","ping_status":"closed","template":"page-templates\/full-width-page.php","meta":{"_acf_changed":false,"footnotes":""},"class_list":["post-866","page","type-page","status-publish","hentry"],"acf":[],"_links":{"self":[{"href":"https:\/\/www.pressure-guard.de\/de\/wp-json\/wp\/v2\/pages\/866","targetHints":{"allow":["GET"]}}],"collection":[{"href":"https:\/\/www.pressure-guard.de\/de\/wp-json\/wp\/v2\/pages"}],"about":[{"href":"https:\/\/www.pressure-guard.de\/de\/wp-json\/wp\/v2\/types\/page"}],"author":[{"embeddable":true,"href":"https:\/\/www.pressure-guard.de\/de\/wp-json\/wp\/v2\/users\/1"}],"replies":[{"embeddable":true,"href":"https:\/\/www.pressure-guard.de\/de\/wp-json\/wp\/v2\/comments?post=866"}],"version-history":[{"count":5,"href":"https:\/\/www.pressure-guard.de\/de\/wp-json\/wp\/v2\/pages\/866\/revisions"}],"predecessor-version":[{"id":6686,"href":"https:\/\/www.pressure-guard.de\/de\/wp-json\/wp\/v2\/pages\/866\/revisions\/6686"}],"wp:attachment":[{"href":"https:\/\/www.pressure-guard.de\/de\/wp-json\/wp\/v2\/media?parent=866"}],"curies":[{"name":"wp","href":"https:\/\/api.w.org\/{rel}","templated":true}]}}